{"id":16,"date":"2023-08-01T18:49:54","date_gmt":"2023-08-01T16:49:54","guid":{"rendered":"https:\/\/dafenmission.fr\/?page_id=15"},"modified":"2023-08-01T18:49:54","modified_gmt":"2023-08-01T16:49:54","slug":"a-mon-sujet","status":"publish","type":"page","link":"https:\/\/dafenmission.fr\/?page_id=16","title":{"rendered":"Qui suis je ?"},"content":{"rendered":"\n<h1 class=\"wp-block-heading\">Je m&#8217;appelle J\u00e9r\u00f4me Bouvet Bernard, je vis \u00e0 Landerneau, Finist\u00e8re (29)<\/h1>\n\n\n\n<div class=\"wp-block-media-text alignfull is-stacked-on-mobile is-image-fill has-white-background-color has-background\"><figure class=\"wp-block-media-text__media\" style=\"background-image:url(http:\/\/dafenmission.fr\/wp-content\/uploads\/2023\/08\/pexels-mario-cuadros-2762673-1.jpg?w=684);background-position:50% 50%\"><img decoding=\"async\" src=\"http:\/\/dafenmission.fr\/wp-content\/uploads\/2023\/08\/pexels-mario-cuadros-2762673-1.jpg?w=684\" alt=\"\" class=\"wp-image-11 size-full\" \/><\/figure><div class=\"wp-block-media-text__content\">\n<div class=\"wp-block-cover is-light\" style=\"min-height:95vh;aspect-ratio:unset;\"><span aria-hidden=\"true\" class=\"wp-block-cover__background has-white-background-color has-background-dim-100 has-background-dim\"><\/span><div class=\"wp-block-cover__inner-container is-layout-flow wp-block-cover-is-layout-flow\">\n<div class=\"wp-block-group has-black-color has-text-color has-link-color wp-elements-26087993cf76931c32d4e63f1639a1bc is-layout-constrained wp-block-group-is-layout-constrained\">\n<figure class=\"wp-block-gallery aligncenter has-nested-images columns-default is-cropped wp-block-gallery-1 is-layout-flex wp-block-gallery-is-layout-flex\">\n<figure class=\"wp-block-image size-large is-style-rounded\"><img decoding=\"async\" data-id=\"47\" src=\"http:\/\/dafenmission.fr\/wp-content\/uploads\/2023\/10\/photo-de-profil-edited.jpg\" alt=\"\" class=\"wp-image-47\" \/><\/figure>\n<\/figure>\n\n\n<h1 style=\"font-size:3rem;text-decoration:none;text-transform:capitalize;letter-spacing:0px;\" class=\"has-text-align-center wp-block-site-title\">Daf en Mission, temps partag\u00e9 en Finist\u00e8re<\/h1>\n\n\n<p>Apr\u00e8s avoir accompagn\u00e9 les dirigeants dans leur conduite strat\u00e9gique, administrative et financi\u00e8re ainsi qu\u2019en ressources humaines, je propose aujourd\u2019hui mes services aupr\u00e8s de TPE et PME sous la forme d\u2019un accompagnement op\u00e9rationnel, hebdomadaire ou mensuel.\u00a0<\/p>\n\n\n\n<p>Artisan, commer\u00e7ant, toute petite entreprise et PME sont pour moi un quotidien. En plus de mes fonctions de Direction financi\u00e8re, j&#8217;accompagne depuis 2013 mon \u00e9pouse dans la structuration et le d\u00e9veloppement de ses instituts et spa.<\/p>\n\n\n\n<p><br>Vous allez recruter, votre entreprise grandit&#8230; vous n\u2019avez pas les moyens d\u2019investir dans un poste \u00e0 temps plein, je suis l\u00e0 pour vous aider.<\/p>\n\n\n\n<p>\u200bV\u00e9ritable support et Business Partner, mon objectif est de r\u00e9interroger l\u2019organisation notamment sur la partie administrative et financi\u00e8re afin de la rendre plus efficiente, tant sur les outils que les ressources n\u00e9cessaires.\u00a0Nous cr\u00e9erons ensemble un programme d&#8217;actions sur mesure.\u00a0<\/p>\n<\/div>\n<\/div><\/div>\n<\/div><\/div>\n","protected":false},"excerpt":{"rendered":"<p>Je m&#8217;appelle J\u00e9r\u00f4me Bouvet Bernard, je vis \u00e0 Landerneau, Finist\u00e8re (29)<\/p>\n","protected":false},"author":1,"featured_media":0,"parent":0,"menu_order":0,"comment_status":"closed","ping_status":"closed","template":"","meta":{"footnotes":""},"class_list":["post-16","page","type-page","status-publish","hentry"],"yoast_head":"<!-- This site is optimized with the Yoast SEO plugin v21.3 - https:\/\/yoast.com\/wordpress\/plugins\/seo\/ -->\n<title>Qui suis je ? - Daf en Mission, temps partag\u00e9 en Finist\u00e8re<\/title>\n<meta name=\"robots\" content=\"index, follow, max-snippet:-1, max-image-preview:large, max-video-preview:-1\" \/>\n<link rel=\"canonical\" href=\"https:\/\/dafenmission.fr\/?page_id=16\" \/>\n<meta property=\"og:locale\" content=\"en_US\" \/>\n<meta property=\"og:type\" content=\"article\" \/>\n<meta property=\"og:title\" content=\"Qui suis je ? - Daf en Mission, temps partag\u00e9 en Finist\u00e8re\" \/>\n<meta property=\"og:description\" content=\"Je m&#8217;appelle J\u00e9r\u00f4me Bouvet Bernard, je vis \u00e0 Landerneau, Finist\u00e8re (29)\" \/>\n<meta property=\"og:url\" content=\"https:\/\/dafenmission.fr\/?page_id=16\" \/>\n<meta property=\"og:site_name\" content=\"Daf en Mission, temps partag\u00e9 en Finist\u00e8re\" \/>\n<meta property=\"og:image\" content=\"http:\/\/dafenmission.fr\/wp-content\/uploads\/2023\/08\/pexels-mario-cuadros-2762673-1.jpg?w=684\" \/>\n<meta name=\"twitter:card\" content=\"summary_large_image\" \/>\n<meta name=\"twitter:label1\" content=\"Est. reading time\" \/>\n\t<meta name=\"twitter:data1\" content=\"1 minute\" \/>\n<script type=\"application\/ld+json\" class=\"yoast-schema-graph\">{\"@context\":\"https:\/\/schema.org\",\"@graph\":[{\"@type\":\"WebPage\",\"@id\":\"https:\/\/dafenmission.fr\/?page_id=16\",\"url\":\"https:\/\/dafenmission.fr\/?page_id=16\",\"name\":\"Qui suis je ? - Daf en Mission, temps partag\u00e9 en Finist\u00e8re\",\"isPartOf\":{\"@id\":\"https:\/\/dafenmission.fr\/#website\"},\"datePublished\":\"2023-08-01T16:49:54+00:00\",\"dateModified\":\"2023-08-01T16:49:54+00:00\",\"breadcrumb\":{\"@id\":\"https:\/\/dafenmission.fr\/?page_id=16#breadcrumb\"},\"inLanguage\":\"en-US\",\"potentialAction\":[{\"@type\":\"ReadAction\",\"target\":[\"https:\/\/dafenmission.fr\/?page_id=16\"]}]},{\"@type\":\"BreadcrumbList\",\"@id\":\"https:\/\/dafenmission.fr\/?page_id=16#breadcrumb\",\"itemListElement\":[{\"@type\":\"ListItem\",\"position\":1,\"name\":\"Accueil\",\"item\":\"https:\/\/dafenmission.fr\/\"},{\"@type\":\"ListItem\",\"position\":2,\"name\":\"Qui suis je ?\"}]},{\"@type\":\"WebSite\",\"@id\":\"https:\/\/dafenmission.fr\/#website\",\"url\":\"https:\/\/dafenmission.fr\/\",\"name\":\"Daf en Mission, temps partag\u00e9 en Finist\u00e8re\",\"description\":\"Un site utilisant WordPress\",\"publisher\":{\"@id\":\"https:\/\/dafenmission.fr\/#organization\"},\"potentialAction\":[{\"@type\":\"SearchAction\",\"target\":{\"@type\":\"EntryPoint\",\"urlTemplate\":\"https:\/\/dafenmission.fr\/?s={search_term_string}\"},\"query-input\":\"required name=search_term_string\"}],\"inLanguage\":\"en-US\"},{\"@type\":\"Organization\",\"@id\":\"https:\/\/dafenmission.fr\/#organization\",\"name\":\"Daf en Mission, temps partag\u00e9 en Finist\u00e8re\",\"url\":\"https:\/\/dafenmission.fr\/\",\"logo\":{\"@type\":\"ImageObject\",\"inLanguage\":\"en-US\",\"@id\":\"https:\/\/dafenmission.fr\/#\/schema\/logo\/image\/\",\"url\":\"https:\/\/dafenmission.fr\/wp-content\/uploads\/2023\/10\/capture-decran-2023-10-04-2318-1.png\",\"contentUrl\":\"https:\/\/dafenmission.fr\/wp-content\/uploads\/2023\/10\/capture-decran-2023-10-04-2318-1.png\",\"width\":727,\"height\":487,\"caption\":\"Daf en Mission, temps partag\u00e9 en Finist\u00e8re\"},\"image\":{\"@id\":\"https:\/\/dafenmission.fr\/#\/schema\/logo\/image\/\"}}]}<\/script>\n<!-- \/ Yoast SEO plugin. -->","yoast_head_json":{"title":"Qui suis je ? - Daf en Mission, temps partag\u00e9 en Finist\u00e8re","robots":{"index":"index","follow":"follow","max-snippet":"max-snippet:-1","max-image-preview":"max-image-preview:large","max-video-preview":"max-video-preview:-1"},"canonical":"https:\/\/dafenmission.fr\/?page_id=16","og_locale":"en_US","og_type":"article","og_title":"Qui suis je ? - Daf en Mission, temps partag\u00e9 en Finist\u00e8re","og_description":"Je m&#8217;appelle J\u00e9r\u00f4me Bouvet Bernard, je vis \u00e0 Landerneau, Finist\u00e8re (29)","og_url":"https:\/\/dafenmission.fr\/?page_id=16","og_site_name":"Daf en Mission, temps partag\u00e9 en Finist\u00e8re","og_image":[{"url":"http:\/\/dafenmission.fr\/wp-content\/uploads\/2023\/08\/pexels-mario-cuadros-2762673-1.jpg?w=684"}],"twitter_card":"summary_large_image","twitter_misc":{"Est. reading time":"1 minute"},"schema":{"@context":"https:\/\/schema.org","@graph":[{"@type":"WebPage","@id":"https:\/\/dafenmission.fr\/?page_id=16","url":"https:\/\/dafenmission.fr\/?page_id=16","name":"Qui suis je ? - Daf en Mission, temps partag\u00e9 en Finist\u00e8re","isPartOf":{"@id":"https:\/\/dafenmission.fr\/#website"},"datePublished":"2023-08-01T16:49:54+00:00","dateModified":"2023-08-01T16:49:54+00:00","breadcrumb":{"@id":"https:\/\/dafenmission.fr\/?page_id=16#breadcrumb"},"inLanguage":"en-US","potentialAction":[{"@type":"ReadAction","target":["https:\/\/dafenmission.fr\/?page_id=16"]}]},{"@type":"BreadcrumbList","@id":"https:\/\/dafenmission.fr\/?page_id=16#breadcrumb","itemListElement":[{"@type":"ListItem","position":1,"name":"Accueil","item":"https:\/\/dafenmission.fr\/"},{"@type":"ListItem","position":2,"name":"Qui suis je ?"}]},{"@type":"WebSite","@id":"https:\/\/dafenmission.fr\/#website","url":"https:\/\/dafenmission.fr\/","name":"Daf en Mission, temps partag\u00e9 en Finist\u00e8re","description":"Un site utilisant WordPress","publisher":{"@id":"https:\/\/dafenmission.fr\/#organization"},"potentialAction":[{"@type":"SearchAction","target":{"@type":"EntryPoint","urlTemplate":"https:\/\/dafenmission.fr\/?s={search_term_string}"},"query-input":"required name=search_term_string"}],"inLanguage":"en-US"},{"@type":"Organization","@id":"https:\/\/dafenmission.fr\/#organization","name":"Daf en Mission, temps partag\u00e9 en Finist\u00e8re","url":"https:\/\/dafenmission.fr\/","logo":{"@type":"ImageObject","inLanguage":"en-US","@id":"https:\/\/dafenmission.fr\/#\/schema\/logo\/image\/","url":"https:\/\/dafenmission.fr\/wp-content\/uploads\/2023\/10\/capture-decran-2023-10-04-2318-1.png","contentUrl":"https:\/\/dafenmission.fr\/wp-content\/uploads\/2023\/10\/capture-decran-2023-10-04-2318-1.png","width":727,"height":487,"caption":"Daf en Mission, temps partag\u00e9 en Finist\u00e8re"},"image":{"@id":"https:\/\/dafenmission.fr\/#\/schema\/logo\/image\/"}}]}},"_links":{"self":[{"href":"https:\/\/dafenmission.fr\/index.php?rest_route=\/wp\/v2\/pages\/16","targetHints":{"allow":["GET"]}}],"collection":[{"href":"https:\/\/dafenmission.fr\/index.php?rest_route=\/wp\/v2\/pages"}],"about":[{"href":"https:\/\/dafenmission.fr\/index.php?rest_route=\/wp\/v2\/types\/page"}],"author":[{"embeddable":true,"href":"https:\/\/dafenmission.fr\/index.php?rest_route=\/wp\/v2\/users\/1"}],"replies":[{"embeddable":true,"href":"https:\/\/dafenmission.fr\/index.php?rest_route=%2Fwp%2Fv2%2Fcomments&post=16"}],"version-history":[{"count":0,"href":"https:\/\/dafenmission.fr\/index.php?rest_route=\/wp\/v2\/pages\/16\/revisions"}],"wp:attachment":[{"href":"https:\/\/dafenmission.fr\/index.php?rest_route=%2Fwp%2Fv2%2Fmedia&parent=16"}],"curies":[{"name":"wp","href":"https:\/\/api.w.org\/{rel}","templated":true}]}}