{"id":50,"date":"2023-10-04T23:00:31","date_gmt":"2023-10-04T21:00:31","guid":{"rendered":"https:\/\/dafenmission.fr\/?page_id=50"},"modified":"2023-10-10T17:36:28","modified_gmt":"2023-10-10T15:36:28","slug":"je-suis-expert-en-gestion-aupres-de-petites-entreprises-le-bilan","status":"publish","type":"page","link":"https:\/\/dafenmission.fr\/?page_id=50","title":{"rendered":"Constat : Attendre &#8220;Le Bilan&#8221;"},"content":{"rendered":"\n<h2 class=\"wp-block-heading\">Nombreux d&#8217;entre vous attendent le <strong>&#8220;bilan&#8221;<\/strong> pour prendre des d\u00e9cisions mais \u00eates vous un Expert en gestion ? Non et tant mieux.<\/h2>\n\n\n\n<h3 class=\"wp-block-heading has-medium-font-size\">C&#8217;est aujourd&#8217;hui que vous souhaitez conna\u00eetre l&#8217;\u00e9tat de vos comptes et l&#8217;impact de cette d\u00e9cision pour l&#8217;exercice en cours et celui qui vient. Avoir un oeil expert tant d&#8217;un point de vue comptable qu&#8217;en termes de tr\u00e9sorerie<\/h3>\n\n\n\n<p>Mais ce fameux bilan qui g\u00e9n\u00e9ralement arrive 4 \u00e0 5 mois apr\u00e8s la cl\u00f4ture de votre exercice arrive trop tard. Expert en gestion, mon approche repose sur la simplicit\u00e9 et des outils pragmatiques en fonction de votre activit\u00e9 et vos besoins.<br><\/p>\n\n\n\n<p>Gr\u00e2ce \u00e0 des outils simples, des tableaux de suivi adapt\u00e9s \u00e0 votre situation, vous pourrez travailler de fa\u00e7on \u00e9clair\u00e9e et ne plus attendre\u00a0votre\u00a0&#8220;bilan&#8221; sans \u00eatre un expert en gestion.<\/p>\n\n\n\n<div class=\"wp-block-columns is-layout-flex wp-container-core-columns-is-layout-28f84493 wp-block-columns-is-layout-flex\">\n<div class=\"wp-block-column is-layout-flow wp-block-column-is-layout-flow\" style=\"flex-basis:100%\">\n<figure class=\"wp-block-gallery has-nested-images columns-default is-cropped wp-block-gallery-1 is-layout-flex wp-block-gallery-is-layout-flex\">\n<figure class=\"wp-block-image size-large\"><img loading=\"lazy\" decoding=\"async\" width=\"1880\" height=\"1253\" data-id=\"54\" src=\"http:\/\/dafenmission.fr\/wp-content\/uploads\/2023\/10\/pexels-photo-175760.jpeg?w=1024\" alt=\"L'expertise du cuir\" class=\"wp-image-54\" srcset=\"https:\/\/dafenmission.fr\/wp-content\/uploads\/2023\/10\/pexels-photo-175760.jpeg 1880w, https:\/\/dafenmission.fr\/wp-content\/uploads\/2023\/10\/pexels-photo-175760-300x200.jpeg 300w, https:\/\/dafenmission.fr\/wp-content\/uploads\/2023\/10\/pexels-photo-175760-1024x682.jpeg 1024w, https:\/\/dafenmission.fr\/wp-content\/uploads\/2023\/10\/pexels-photo-175760-768x512.jpeg 768w, https:\/\/dafenmission.fr\/wp-content\/uploads\/2023\/10\/pexels-photo-175760-1536x1024.jpeg 1536w\" sizes=\"auto, (max-width: 1880px) 100vw, 1880px\" \/><\/figure>\n\n\n\n<figure class=\"wp-block-image size-large\"><img loading=\"lazy\" decoding=\"async\" width=\"1880\" height=\"1253\" data-id=\"55\" src=\"http:\/\/dafenmission.fr\/wp-content\/uploads\/2023\/10\/pexels-photo-4219654.jpeg?w=1024\" alt=\"des mains expertes en couture\" class=\"wp-image-55\" srcset=\"https:\/\/dafenmission.fr\/wp-content\/uploads\/2023\/10\/pexels-photo-4219654.jpeg 1880w, https:\/\/dafenmission.fr\/wp-content\/uploads\/2023\/10\/pexels-photo-4219654-300x200.jpeg 300w, https:\/\/dafenmission.fr\/wp-content\/uploads\/2023\/10\/pexels-photo-4219654-1024x682.jpeg 1024w, https:\/\/dafenmission.fr\/wp-content\/uploads\/2023\/10\/pexels-photo-4219654-768x512.jpeg 768w, https:\/\/dafenmission.fr\/wp-content\/uploads\/2023\/10\/pexels-photo-4219654-1536x1024.jpeg 1536w\" sizes=\"auto, (max-width: 1880px) 100vw, 1880px\" \/><\/figure>\n\n\n\n<figure class=\"wp-block-image size-large\"><img loading=\"lazy\" decoding=\"async\" width=\"1880\" height=\"1253\" data-id=\"56\" src=\"http:\/\/dafenmission.fr\/wp-content\/uploads\/2023\/10\/pexels-photo-3822843.jpeg?w=1024\" alt=\"la gestion d'un moteur, \u00e7a ne s'invente pas.\" class=\"wp-image-56\" srcset=\"https:\/\/dafenmission.fr\/wp-content\/uploads\/2023\/10\/pexels-photo-3822843.jpeg 1880w, https:\/\/dafenmission.fr\/wp-content\/uploads\/2023\/10\/pexels-photo-3822843-300x200.jpeg 300w, https:\/\/dafenmission.fr\/wp-content\/uploads\/2023\/10\/pexels-photo-3822843-1024x682.jpeg 1024w, https:\/\/dafenmission.fr\/wp-content\/uploads\/2023\/10\/pexels-photo-3822843-768x512.jpeg 768w, https:\/\/dafenmission.fr\/wp-content\/uploads\/2023\/10\/pexels-photo-3822843-1536x1024.jpeg 1536w\" sizes=\"auto, (max-width: 1880px) 100vw, 1880px\" \/><\/figure>\n<\/figure>\n<\/div>\n<\/div>\n\n\n\n<div class=\"wp-block-group alignfull is-layout-constrained wp-block-group-is-layout-constrained\" style=\"margin-top:0px;margin-bottom:0px;padding-top:7vw;padding-bottom:7vw\">\n<div class=\"wp-block-columns alignwide is-layout-flex wp-container-core-columns-is-layout-28f84493 wp-block-columns-is-layout-flex\">\n<div class=\"wp-block-column is-layout-flow wp-block-column-is-layout-flow\" style=\"flex-basis:20%\">\n<h2 class=\"wp-block-heading has-medium-font-size\">Quelques exemples<\/h2>\n<\/div>\n\n\n\n<div class=\"wp-block-column is-layout-flow wp-block-column-is-layout-flow\" style=\"flex-basis:80%\">\n<div class=\"wp-block-columns is-layout-flex wp-container-core-columns-is-layout-28f84493 wp-block-columns-is-layout-flex\">\n<div class=\"wp-block-column is-layout-flow wp-block-column-is-layout-flow\">\n<h3 class=\"wp-block-heading has-medium-font-size\">Puis-je embaucher, verser une prime ? <\/h3>\n\n\n\n<p class=\"has-small-font-size\">Parce que parfois, on peut confondre tr\u00e9sorerie et gestion. Il est important de bien conna\u00eetre la nuance entre les deux pour prendre de bonnes d\u00e9cisions. <\/p>\n\n\n\n<p class=\"has-small-font-size\">Apr\u00e8s un rapide tour d&#8217;horizon des diff\u00e9rences entre ces deux points, nous pourrons regarder ce que coute vraiment une embauche et si elle peut &#8220;coller&#8221; avec votre activit\u00e9 sans risques.<br><\/p>\n\n\n\n<h3 class=\"wp-block-heading has-medium-font-size\">Ai-je assez pour acheter une nouvelle machine ?<\/h3>\n\n\n\n<p class=\"has-small-font-size\">Il y a parfois des petites subtilit\u00e9s comptables qui font la diff\u00e9rences lorsque l&#8217;on veut investir. C&#8217;est ainsi qu&#8217;il faut poser le pourquoi et aussi le comment ? <\/p>\n\n\n\n<p class=\"has-small-font-size\">Au del\u00e0 du compte en banque, il est possible de financer les achats avec diff\u00e9rentes m\u00e9thodes. C&#8217;est \u00e0 nous de les \u00e9tudier ensemble.<\/p>\n<\/div>\n\n\n\n<div class=\"wp-block-column is-layout-flow wp-block-column-is-layout-flow\">\n<h3 class=\"wp-block-heading has-medium-font-size\">Comment bien suivre mon activit\u00e9 ?<\/h3>\n\n\n\n<p class=\"has-small-font-size\">Le B \u00e0 Ba de tout m\u00e9tier est de pouvoir suivre son activit\u00e9 avec des outils simples. Nous sommes souvent tr\u00e8s \u00e0 l&#8217;aise dans notre c\u0153ur de m\u00e9tier mais il faut alors savoir s&#8217;entourer pour le reste. Cr\u00e9ons ensemble des indicateurs quoi vous ressemblent.<\/p>\n\n\n\n<p class=\"has-small-font-size\">De quoi ai je besoin pour bien travailler ? Quels sont les indispensables : cout de revient de mes prestations, la marge que je d\u00e9gage sur tes produits ?<\/p>\n\n\n\n<h3 class=\"wp-block-heading has-medium-font-size\">J&#8217;aimerai diversifier mes produits mais dois-je acheter du stock ?<\/h3>\n\n\n\n<p class=\"has-small-font-size\">Vous pensez \u00e0 modifier votre mod\u00e8le \u00e9conomique en vous diversifiant. C&#8217;est possible mais par o\u00f9 commencer ? Acheter les produits pour avoir un peu de stock ? Communiquer et quand ? <\/p>\n\n\n\n<p class=\"has-small-font-size\">Il faut aller plus loin dans la d\u00e9marche et \u00e9tudier votre besoin et surtout voir si cela r\u00e9pond \u00e0 des attentes de vos (futurs) clients. Il existe quelques moyens simples pour le v\u00e9rifier \u00e0 moindre couts<\/p>\n<\/div>\n<\/div>\n<\/div>\n<\/div>\n<\/div>\n\n\n\n<div class=\"wp-block-group alignfull has-white-color has-text-color has-background has-link-color wp-elements-32e5ee3f63b1592057714832aa3ce628 is-layout-constrained wp-block-group-is-layout-constrained\" style=\"background-color:#000000b0;margin-top:0px;margin-bottom:0px;padding-top:6.9vw;padding-bottom:7vw\">\n<div class=\"wp-block-columns alignwide is-layout-flex wp-container-core-columns-is-layout-28f84493 wp-block-columns-is-layout-flex\">\n<div class=\"wp-block-column is-layout-flow wp-block-column-is-layout-flow\" style=\"flex-basis:20%\">\n<h3 class=\"wp-block-heading has-white-color has-text-color has-link-color has-medium-font-size wp-elements-685d4135429e42fb5dd37c56643bd854\"><span class=\"uppercase\">\u00c9tudes de cas<\/span> d&#8217;un expert<\/h3>\n<\/div>\n\n\n\n<div class=\"wp-block-column is-layout-flow wp-block-column-is-layout-flow\" style=\"flex-basis:80%\">\n<div class=\"wp-block-columns is-layout-flex wp-container-core-columns-is-layout-28f84493 wp-block-columns-is-layout-flex\">\n<div class=\"wp-block-column is-layout-flow wp-block-column-is-layout-flow\">\n<figure class=\"wp-block-image size-full\"><img loading=\"lazy\" decoding=\"async\" width=\"1733\" height=\"1300\" src=\"http:\/\/dafenmission.fr\/wp-content\/uploads\/2023\/10\/pexels-photo-8488061.jpeg\" alt=\"Expert en menuiserie\" class=\"wp-image-60\" srcset=\"https:\/\/dafenmission.fr\/wp-content\/uploads\/2023\/10\/pexels-photo-8488061.jpeg 1733w, https:\/\/dafenmission.fr\/wp-content\/uploads\/2023\/10\/pexels-photo-8488061-300x225.jpeg 300w, https:\/\/dafenmission.fr\/wp-content\/uploads\/2023\/10\/pexels-photo-8488061-1024x768.jpeg 1024w, https:\/\/dafenmission.fr\/wp-content\/uploads\/2023\/10\/pexels-photo-8488061-768x576.jpeg 768w, https:\/\/dafenmission.fr\/wp-content\/uploads\/2023\/10\/pexels-photo-8488061-1536x1152.jpeg 1536w\" sizes=\"auto, (max-width: 1733px) 100vw, 1733px\" \/><\/figure>\n\n\n\n<h4 class=\"wp-block-heading has-white-color has-text-color has-link-color has-medium-font-size wp-elements-8acfb312744841c6a40b05ea17ec2302\">Quelle activit\u00e9 est la plus rentable<\/h4>\n\n\n\n<p class=\"has-small-font-size\">Lors d&#8217;un de mes rendez vous avec un commer\u00e7ant, nous avons parl\u00e9 de ce qui le faisait vibrer dans son travail. Des \u00e9toiles remplissaient ses yeux lorsque l&#8217;on \u00e9voquait l&#8217;activit\u00e9 de prestations. Etre au contact client, r\u00e9aliser des prouesses dans un timing serr\u00e9.<\/p>\n\n\n\n<p class=\"has-small-font-size\">Il avait \u00e9galement une autre activit\u00e9 de n\u00e9goce qui paraissait moins l&#8217;enchanter. <\/p>\n\n\n\n<p class=\"has-small-font-size\">Apr\u00e8s quelques minutes, je lui ai demand\u00e9 ce qui lui rapportait le plus&#8230;.<\/p>\n\n\n\n<p class=\"has-small-font-size\">Bonne question ! En fait, il n&#8217;avait aucun outil lui permettant de le savoir hormis un tableau excel un peu boiteux. Nous avons donc creuser et fini par opter pour un logiciel de gestion des ventes.<\/p>\n\n\n\n<p class=\"has-small-font-size\">Aujourd&#8217;hui deviser une prestation, suivre ses activit\u00e9s sont devenues simples et surtout rentables. Sans \u00eatre expert en gestion, il a un oeil averti sur son business.<\/p>\n<\/div>\n\n\n\n<div class=\"wp-block-column is-layout-flow wp-block-column-is-layout-flow\">\n<figure class=\"wp-block-image size-full is-resized\"><img loading=\"lazy\" decoding=\"async\" width=\"1880\" height=\"1178\" src=\"http:\/\/dafenmission.fr\/wp-content\/uploads\/2023\/10\/pexels-photo-5974053.jpeg\" alt=\"Expert dans son m\u00e9tier d'artisan\" class=\"wp-image-61\" srcset=\"https:\/\/dafenmission.fr\/wp-content\/uploads\/2023\/10\/pexels-photo-5974053.jpeg 1880w, https:\/\/dafenmission.fr\/wp-content\/uploads\/2023\/10\/pexels-photo-5974053-300x188.jpeg 300w, https:\/\/dafenmission.fr\/wp-content\/uploads\/2023\/10\/pexels-photo-5974053-1024x642.jpeg 1024w, https:\/\/dafenmission.fr\/wp-content\/uploads\/2023\/10\/pexels-photo-5974053-768x481.jpeg 768w, https:\/\/dafenmission.fr\/wp-content\/uploads\/2023\/10\/pexels-photo-5974053-1536x962.jpeg 1536w\" sizes=\"auto, (max-width: 1880px) 100vw, 1880px\" \/><\/figure>\n\n\n\n<h4 class=\"wp-block-heading has-white-color has-text-color has-link-color has-medium-font-size wp-elements-9ce5d4eb155bad85fc1eefc36da4d678\">J&#8217;aimerai embaucher mais je ne sais pas par o\u00f9 commencer<\/h4>\n\n\n\n<p class=\"has-small-font-size\">Un artisan souhaitait embaucher face au d\u00e9veloppement de son activit\u00e9 mais il n&#8217;avait jamais fait d&#8217;entretien et ne savait pas comment s&#8217;y prendre.<\/p>\n\n\n\n<p class=\"has-small-font-size\">Nous avons \u00e9chang\u00e9 sur ces besoins et avons commenc\u00e9 par la base : &#8220;Pour quoi faire&#8221; ? En effet, c&#8217;est la premi\u00e8re question, d\u00e9finir le contour de la mission et la liste des t\u00e2ches \u00e0 accomplir qui permettront de trouver &#8220;le&#8221; candidat id\u00e9al. Cela \u00e9vite \u00e9galement les probl\u00e8mes de &#8220;qui fait quoi&#8221; \u00e0 l&#8217;int\u00e9gration.<\/p>\n\n\n\n<p class=\"has-small-font-size\">Nous avons pass\u00e9 en revue les dispositifs existants et les sites d&#8217;emploi et r\u00e9alis\u00e9 l&#8217;annonce. J&#8217;ai apporter mon conseil lors de l&#8217;entretien d&#8217;embauche. <\/p>\n\n\n\n<p class=\"has-small-font-size\">Aujourd&#8217;hui, il a r\u00e9duit sa charge de travail et pu d\u00e9l\u00e9guer une partie de son activit\u00e9.<\/p>\n<\/div>\n<\/div>\n<\/div>\n<\/div>\n<\/div>\n\n\n\n<div class=\"wp-block-group alignfull has-white-color has-black-background-color has-text-color has-background is-layout-constrained wp-block-group-is-layout-constrained\" style=\"margin-top:0px;margin-bottom:0px;padding-top:7vw;padding-bottom:7vw\">\n<div class=\"wp-block-columns alignwide is-layout-flex wp-container-core-columns-is-layout-28f84493 wp-block-columns-is-layout-flex\">\n<div class=\"wp-block-column is-layout-flow wp-block-column-is-layout-flow\" style=\"flex-basis:20%\"><\/div>\n\n\n\n<div class=\"wp-block-column is-layout-flow wp-block-column-is-layout-flow\" style=\"flex-basis:80%\">\n<h2 class=\"wp-block-heading has-background-color has-text-color has-x-large-font-size\">Allons plus loin Ensemble&nbsp;!<\/h2>\n\n\n\n<div class=\"wp-block-buttons is-layout-flex wp-block-buttons-is-layout-flex\">\n<div class=\"wp-block-button\"><a class=\"wp-block-button__link has-black-color has-white-background-color has-text-color has-background wp-element-button\" href=\"http:\/\/mailto : daf.landerneau@gmail.com\" target=\"_blank\" rel=\"# noopener\">Prendre un rendez-vous<\/a><\/div>\n<\/div>\n<\/div>\n<\/div>\n<\/div>\n","protected":false},"excerpt":{"rendered":"<p>Nombreux d&#8217;entre vous attendent le &#8220;bilan&#8221; pour prendre des d\u00e9cisions mais \u00eates vous un Expert en gestion ? Non et tant mieux. C&#8217;est aujourd&#8217;hui que vous souhaitez conna\u00eetre l&#8217;\u00e9tat de vos comptes et l&#8217;impact de cette d\u00e9cision pour l&#8217;exercice en cours et celui qui vient. Avoir un oeil expert tant d&#8217;un point de vue comptable [&hellip;]<\/p>\n","protected":false},"author":1,"featured_media":0,"parent":0,"menu_order":0,"comment_status":"closed","ping_status":"closed","template":"","meta":{"footnotes":""},"class_list":["post-50","page","type-page","status-publish","hentry"],"yoast_head":"<!-- This site is optimized with the Yoast SEO plugin v21.3 - https:\/\/yoast.com\/wordpress\/plugins\/seo\/ -->\n<title>Expert en gestion ; concentrez-vous sur l&#039;essentiel, votre m\u00e9tier.<\/title>\n<meta name=\"description\" content=\"Expert en gestion en Finist\u00e8re. Optimisons vos processus, g\u00e9rons efficacement votre tr\u00e9sorerie et soyez libre pour ce qui compte vraiment.\" \/>\n<meta name=\"robots\" content=\"index, follow, max-snippet:-1, max-image-preview:large, max-video-preview:-1\" \/>\n<link rel=\"canonical\" href=\"https:\/\/dafenmission.fr\/?page_id=50\" \/>\n<meta property=\"og:locale\" content=\"en_US\" \/>\n<meta property=\"og:type\" content=\"article\" \/>\n<meta property=\"og:title\" content=\"Expert en gestion ; concentrez-vous sur l&#039;essentiel, votre m\u00e9tier.\" \/>\n<meta property=\"og:description\" content=\"Expert en gestion en Finist\u00e8re. Optimisons vos processus, g\u00e9rons efficacement votre tr\u00e9sorerie et soyez libre pour ce qui compte vraiment.\" \/>\n<meta property=\"og:url\" content=\"https:\/\/dafenmission.fr\/?page_id=50\" \/>\n<meta property=\"og:site_name\" content=\"Daf en Mission, temps partag\u00e9 en Finist\u00e8re\" \/>\n<meta property=\"article:modified_time\" content=\"2023-10-10T15:36:28+00:00\" \/>\n<meta property=\"og:image\" content=\"http:\/\/dafenmission.fr\/wp-content\/uploads\/2023\/10\/pexels-photo-175760.jpeg?w=1024\" \/>\n<meta name=\"twitter:card\" content=\"summary_large_image\" \/>\n<meta name=\"twitter:label1\" content=\"Est. reading time\" \/>\n\t<meta name=\"twitter:data1\" content=\"5 minutes\" \/>\n<script type=\"application\/ld+json\" class=\"yoast-schema-graph\">{\"@context\":\"https:\/\/schema.org\",\"@graph\":[{\"@type\":\"WebPage\",\"@id\":\"https:\/\/dafenmission.fr\/?page_id=50\",\"url\":\"https:\/\/dafenmission.fr\/?page_id=50\",\"name\":\"Expert en gestion ; concentrez-vous sur l'essentiel, votre m\u00e9tier.\",\"isPartOf\":{\"@id\":\"https:\/\/dafenmission.fr\/#website\"},\"datePublished\":\"2023-10-04T21:00:31+00:00\",\"dateModified\":\"2023-10-10T15:36:28+00:00\",\"description\":\"Expert en gestion en Finist\u00e8re. Optimisons vos processus, g\u00e9rons efficacement votre tr\u00e9sorerie et soyez libre pour ce qui compte vraiment.\",\"breadcrumb\":{\"@id\":\"https:\/\/dafenmission.fr\/?page_id=50#breadcrumb\"},\"inLanguage\":\"en-US\",\"potentialAction\":[{\"@type\":\"ReadAction\",\"target\":[\"https:\/\/dafenmission.fr\/?page_id=50\"]}]},{\"@type\":\"BreadcrumbList\",\"@id\":\"https:\/\/dafenmission.fr\/?page_id=50#breadcrumb\",\"itemListElement\":[{\"@type\":\"ListItem\",\"position\":1,\"name\":\"Accueil\",\"item\":\"https:\/\/dafenmission.fr\/\"},{\"@type\":\"ListItem\",\"position\":2,\"name\":\"Constat : Attendre \u00ab\u00a0Le Bilan\u00a0\u00bb\"}]},{\"@type\":\"WebSite\",\"@id\":\"https:\/\/dafenmission.fr\/#website\",\"url\":\"https:\/\/dafenmission.fr\/\",\"name\":\"Daf en Mission, temps partag\u00e9 en Finist\u00e8re\",\"description\":\"Un site utilisant WordPress\",\"publisher\":{\"@id\":\"https:\/\/dafenmission.fr\/#organization\"},\"potentialAction\":[{\"@type\":\"SearchAction\",\"target\":{\"@type\":\"EntryPoint\",\"urlTemplate\":\"https:\/\/dafenmission.fr\/?s={search_term_string}\"},\"query-input\":\"required name=search_term_string\"}],\"inLanguage\":\"en-US\"},{\"@type\":\"Organization\",\"@id\":\"https:\/\/dafenmission.fr\/#organization\",\"name\":\"Daf en Mission, temps partag\u00e9 en Finist\u00e8re\",\"url\":\"https:\/\/dafenmission.fr\/\",\"logo\":{\"@type\":\"ImageObject\",\"inLanguage\":\"en-US\",\"@id\":\"https:\/\/dafenmission.fr\/#\/schema\/logo\/image\/\",\"url\":\"https:\/\/dafenmission.fr\/wp-content\/uploads\/2023\/10\/capture-decran-2023-10-04-2318-1.png\",\"contentUrl\":\"https:\/\/dafenmission.fr\/wp-content\/uploads\/2023\/10\/capture-decran-2023-10-04-2318-1.png\",\"width\":727,\"height\":487,\"caption\":\"Daf en Mission, temps partag\u00e9 en Finist\u00e8re\"},\"image\":{\"@id\":\"https:\/\/dafenmission.fr\/#\/schema\/logo\/image\/\"}}]}<\/script>\n<!-- \/ Yoast SEO plugin. -->","yoast_head_json":{"title":"Expert en gestion ; concentrez-vous sur l'essentiel, votre m\u00e9tier.","description":"Expert en gestion en Finist\u00e8re. Optimisons vos processus, g\u00e9rons efficacement votre tr\u00e9sorerie et soyez libre pour ce qui compte vraiment.","robots":{"index":"index","follow":"follow","max-snippet":"max-snippet:-1","max-image-preview":"max-image-preview:large","max-video-preview":"max-video-preview:-1"},"canonical":"https:\/\/dafenmission.fr\/?page_id=50","og_locale":"en_US","og_type":"article","og_title":"Expert en gestion ; concentrez-vous sur l'essentiel, votre m\u00e9tier.","og_description":"Expert en gestion en Finist\u00e8re. Optimisons vos processus, g\u00e9rons efficacement votre tr\u00e9sorerie et soyez libre pour ce qui compte vraiment.","og_url":"https:\/\/dafenmission.fr\/?page_id=50","og_site_name":"Daf en Mission, temps partag\u00e9 en Finist\u00e8re","article_modified_time":"2023-10-10T15:36:28+00:00","og_image":[{"url":"http:\/\/dafenmission.fr\/wp-content\/uploads\/2023\/10\/pexels-photo-175760.jpeg?w=1024"}],"twitter_card":"summary_large_image","twitter_misc":{"Est. reading time":"5 minutes"},"schema":{"@context":"https:\/\/schema.org","@graph":[{"@type":"WebPage","@id":"https:\/\/dafenmission.fr\/?page_id=50","url":"https:\/\/dafenmission.fr\/?page_id=50","name":"Expert en gestion ; concentrez-vous sur l'essentiel, votre m\u00e9tier.","isPartOf":{"@id":"https:\/\/dafenmission.fr\/#website"},"datePublished":"2023-10-04T21:00:31+00:00","dateModified":"2023-10-10T15:36:28+00:00","description":"Expert en gestion en Finist\u00e8re. Optimisons vos processus, g\u00e9rons efficacement votre tr\u00e9sorerie et soyez libre pour ce qui compte vraiment.","breadcrumb":{"@id":"https:\/\/dafenmission.fr\/?page_id=50#breadcrumb"},"inLanguage":"en-US","potentialAction":[{"@type":"ReadAction","target":["https:\/\/dafenmission.fr\/?page_id=50"]}]},{"@type":"BreadcrumbList","@id":"https:\/\/dafenmission.fr\/?page_id=50#breadcrumb","itemListElement":[{"@type":"ListItem","position":1,"name":"Accueil","item":"https:\/\/dafenmission.fr\/"},{"@type":"ListItem","position":2,"name":"Constat : Attendre \u00ab\u00a0Le Bilan\u00a0\u00bb"}]},{"@type":"WebSite","@id":"https:\/\/dafenmission.fr\/#website","url":"https:\/\/dafenmission.fr\/","name":"Daf en Mission, temps partag\u00e9 en Finist\u00e8re","description":"Un site utilisant WordPress","publisher":{"@id":"https:\/\/dafenmission.fr\/#organization"},"potentialAction":[{"@type":"SearchAction","target":{"@type":"EntryPoint","urlTemplate":"https:\/\/dafenmission.fr\/?s={search_term_string}"},"query-input":"required name=search_term_string"}],"inLanguage":"en-US"},{"@type":"Organization","@id":"https:\/\/dafenmission.fr\/#organization","name":"Daf en Mission, temps partag\u00e9 en Finist\u00e8re","url":"https:\/\/dafenmission.fr\/","logo":{"@type":"ImageObject","inLanguage":"en-US","@id":"https:\/\/dafenmission.fr\/#\/schema\/logo\/image\/","url":"https:\/\/dafenmission.fr\/wp-content\/uploads\/2023\/10\/capture-decran-2023-10-04-2318-1.png","contentUrl":"https:\/\/dafenmission.fr\/wp-content\/uploads\/2023\/10\/capture-decran-2023-10-04-2318-1.png","width":727,"height":487,"caption":"Daf en Mission, temps partag\u00e9 en Finist\u00e8re"},"image":{"@id":"https:\/\/dafenmission.fr\/#\/schema\/logo\/image\/"}}]}},"_links":{"self":[{"href":"https:\/\/dafenmission.fr\/index.php?rest_route=\/wp\/v2\/pages\/50","targetHints":{"allow":["GET"]}}],"collection":[{"href":"https:\/\/dafenmission.fr\/index.php?rest_route=\/wp\/v2\/pages"}],"about":[{"href":"https:\/\/dafenmission.fr\/index.php?rest_route=\/wp\/v2\/types\/page"}],"author":[{"embeddable":true,"href":"https:\/\/dafenmission.fr\/index.php?rest_route=\/wp\/v2\/users\/1"}],"replies":[{"embeddable":true,"href":"https:\/\/dafenmission.fr\/index.php?rest_route=%2Fwp%2Fv2%2Fcomments&post=50"}],"version-history":[{"count":4,"href":"https:\/\/dafenmission.fr\/index.php?rest_route=\/wp\/v2\/pages\/50\/revisions"}],"predecessor-version":[{"id":137,"href":"https:\/\/dafenmission.fr\/index.php?rest_route=\/wp\/v2\/pages\/50\/revisions\/137"}],"wp:attachment":[{"href":"https:\/\/dafenmission.fr\/index.php?rest_route=%2Fwp%2Fv2%2Fmedia&parent=50"}],"curies":[{"name":"wp","href":"https:\/\/api.w.org\/{rel}","templated":true}]}}